{"id":210605,"date":"2018-01-27T19:03:39","date_gmt":"2018-01-27T19:03:39","guid":{"rendered":"https:\/\/www.fundacionyuste.org\/fundacion\/memoria-de-actividades\/"},"modified":"2021-03-16T11:02:17","modified_gmt":"2021-03-16T11:02:17","slug":"memoria-de-actividades","status":"publish","type":"page","link":"https:\/\/www.fundacionyuste.org\/en\/fundacion\/memoria-de-actividades\/","title":{"rendered":"Activity report"},"content":{"rendered":"<p>[et_pb_section fb_built=&#8221;1&#8243; _builder_version=&#8221;3.22&#8243;][et_pb_row admin_label=&#8221;ENCABEZADOS&#8221; _builder_version=&#8221;3.25&#8243; background_size=&#8221;initial&#8221; background_position=&#8221;top_left&#8221; background_repeat=&#8221;repeat&#8221; column_structure=&#8221;1_4,3_4&#8243;][et_pb_column type=&#8221;1_4&#8243; _builder_version=&#8221;3.25&#8243; custom_padding=&#8221;|||&#8221; custom_padding__hover=&#8221;|||&#8221;][et_pb_text admin_label=&#8221;TITULO SECCI\u00d3N&#8221; _builder_version=&#8221;3.27.4&#8243; text_font=&#8221;Muli|600|||||||&#8221; text_text_color=&#8221;#7cda24&#8243; text_font_size=&#8221;33px&#8221; header_font=&#8221;Muli||||||||&#8221; header_font_size=&#8221;31px&#8221; text_orientation=&#8221;right&#8221; module_alignment=&#8221;right&#8221; custom_padding=&#8221;|20px||&#8221; text_text_shadow_style=&#8221;preset3&#8243; text_text_shadow_color=&#8221;rgba(0,0,0,0.28)&#8221; header_text_shadow_style=&#8221;preset3&#8243;]<\/p>\n<h1>FOUNDATION<\/h1>\n<p>[\/et_pb_text][\/et_pb_column][et_pb_column type=&#8221;3_4&#8243; _builder_version=&#8221;3.25&#8243; custom_padding=&#8221;|||&#8221; custom_padding__hover=&#8221;|||&#8221;][et_pb_post_title meta=&#8221;off&#8221; featured_image=&#8221;off&#8221; admin_label=&#8221;T\u00cdTULO DE LA P\u00c1GINA (Autom\u00e1tico)&#8221; _builder_version=&#8221;3.0.85&#8243; title_level=&#8221;h2&#8243; title_font=&#8221;Muli|700||on|||||&#8221; title_font_size=&#8221;20px&#8221; custom_margin=&#8221;6px|||&#8221;][\/et_pb_post_title][\/et_pb_column][\/et_pb_row][et_pb_row _builder_version=&#8221;3.25&#8243; background_size=&#8221;initial&#8221; background_position=&#8221;top_left&#8221; background_repeat=&#8221;repeat&#8221; custom_padding=&#8221;18px|0px|0px|0px&#8221; column_structure=&#8221;1_4,3_4&#8243;][et_pb_column type=&#8221;1_4&#8243; _builder_version=&#8221;3.25&#8243; custom_padding=&#8221;|||&#8221; custom_padding__hover=&#8221;|||&#8221;][et_pb_sidebar area=&#8221;et_pb_widget_area_1&#8243; _builder_version=&#8221;3.0.85&#8243;][\/et_pb_sidebar][\/et_pb_column][et_pb_column type=&#8221;3_4&#8243; _builder_version=&#8221;3.25&#8243; custom_padding=&#8221;|||&#8221; custom_padding__hover=&#8221;|||&#8221;][et_pb_text _builder_version=&#8221;3.27.4&#8243; text_font=&#8221;Muli||||||||&#8221; text_line_height=&#8221;1.3em&#8221; header_font=&#8221;Muli||||||||&#8221;]<\/p>\n<h2><a href=\"http:\/\/faey.org\/faey\/MEMORIAfaeiy2017.PDF\" target=\"_blank\" rel=\"noopener\"><img decoding=\"async\" loading=\"lazy\" class=\"alignleft wp-image-206814 size-medium\" src=\"https:\/\/www.fundacionyuste.org\/wp-content\/uploads\/2018\/02\/memoria_act_2017-212x300.jpg\" alt=\"\" width=\"212\" height=\"300\" srcset=\"https:\/\/www.fundacionyuste.org\/wp-content\/uploads\/2018\/02\/memoria_act_2017-212x300.jpg 212w, https:\/\/www.fundacionyuste.org\/wp-content\/uploads\/2018\/02\/memoria_act_2017.jpg 500w\" sizes=\"(max-width: 212px) 100vw, 212px\" \/><\/a>2017 ANNUAL REPORT<\/h2>\n<p align=\"justify\">The European and Ibero-American Academy of Yuste Foundation, which originated from the merger between the European Academy of Yuste Foundation and the Extremaduran Centre for Studies and Cooperation with Ibero-America, is a public non-profit-making body of cultural, scientific, research and disseminating nature, which is integrated in the Extremaduran Regional Government\u2019s foundational public sector.<\/p>\n<p align=\"justify\">The Foundation carries out activities that may strengthen the ties between Europe and Ibero-America and foster solidarity and social justice; it awards scholarships and grants; organises courses, congresses, seminars and conferences; it publishes books; carries out research activities; development and innovation activities and development cooperation and aid projects and programmes, among other activities.<\/p>\n<p align=\"justify\">All the activities carried out by the European Academy of Yuste and the Extremaduran Centre for Studies and Cooperation with Ibero-America (CEXECI), which merged in October 2017, are covered in this report.<\/p>\n<p>[\/et_pb_text][\/et_pb_column][\/et_pb_row][et_pb_row _builder_version=&#8221;3.25&#8243; background_size=&#8221;initial&#8221; background_position=&#8221;top_left&#8221; background_repeat=&#8221;repeat&#8221; custom_padding=&#8221;19.4px|0px|0px|0px&#8221; column_structure=&#8221;1_4,3_4&#8243;][et_pb_column type=&#8221;1_4&#8243; _builder_version=&#8221;3.25&#8243; custom_padding=&#8221;|||&#8221; custom_padding__hover=&#8221;|||&#8221;][\/et_pb_column][et_pb_column type=&#8221;3_4&#8243; _builder_version=&#8221;3.25&#8243; custom_padding=&#8221;|||&#8221; custom_padding__hover=&#8221;|||&#8221;][et_pb_text _builder_version=&#8221;3.27.4&#8243; text_font=&#8221;Muli||||||||&#8221; header_font=&#8221;Muli||||||||&#8221; header_font_size=&#8221;14px&#8221; header_2_font=&#8221;Muli||||||||&#8221; header_2_font_size=&#8221;20px&#8221; header_4_font=&#8221;Muli||||||||&#8221; header_4_font_size=&#8221;17px&#8221; header_4_line_height=&#8221;1.1em&#8221; custom_css_main_element=&#8221;border-bottom:1px solid rgba(0,0,0,.07)&#8221;]<\/p>\n<h2>ANNUAL REPORTS<\/h2>\n<p>[\/et_pb_text][et_pb_blog _builder_version=&#8221;4.9.0&#8243; _module_preset=&#8221;default&#8221; include_categories=&#8221;189&#8243; fullwidth=&#8221;off&#8221; hover_enabled=&#8221;0&#8243; sticky_enabled=&#8221;0&#8243;][\/et_pb_blog][\/et_pb_column][\/et_pb_row][\/et_pb_section]<\/p>\n","protected":false},"excerpt":{"rendered":"<p>FOUNDATION 2017 ANNUAL REPORT The European and Ibero-American Academy of Yuste Foundation, which originated from the merger between the European Academy of Yuste Foundation and the Extremaduran Centre for Studies and Cooperation with Ibero-America, is a public non-profit-making body of cultural, scientific, research and disseminating nature, which is integrated in the Extremaduran Regional Government\u2019s foundational [&hellip;]<\/p>\n","protected":false},"author":1,"featured_media":0,"parent":2854,"menu_order":0,"comment_status":"closed","ping_status":"closed","template":"","meta":{"_et_pb_use_builder":"on","_et_pb_old_content":"","_et_gb_content_width":"","_links_to":"","_links_to_target":""},"_links":{"self":[{"href":"https:\/\/www.fundacionyuste.org\/en\/wp-json\/wp\/v2\/pages\/210605"}],"collection":[{"href":"https:\/\/www.fundacionyuste.org\/en\/wp-json\/wp\/v2\/pages"}],"about":[{"href":"https:\/\/www.fundacionyuste.org\/en\/wp-json\/wp\/v2\/types\/page"}],"author":[{"embeddable":true,"href":"https:\/\/www.fundacionyuste.org\/en\/wp-json\/wp\/v2\/users\/1"}],"replies":[{"embeddable":true,"href":"https:\/\/www.fundacionyuste.org\/en\/wp-json\/wp\/v2\/comments?post=210605"}],"version-history":[{"count":2,"href":"https:\/\/www.fundacionyuste.org\/en\/wp-json\/wp\/v2\/pages\/210605\/revisions"}],"predecessor-version":[{"id":224096,"href":"https:\/\/www.fundacionyuste.org\/en\/wp-json\/wp\/v2\/pages\/210605\/revisions\/224096"}],"up":[{"embeddable":true,"href":"https:\/\/www.fundacionyuste.org\/en\/wp-json\/wp\/v2\/pages\/2854"}],"wp:attachment":[{"href":"https:\/\/www.fundacionyuste.org\/en\/wp-json\/wp\/v2\/media?parent=210605"}],"curies":[{"name":"wp","href":"https:\/\/api.w.org\/{rel}","templated":true}]}}