{"id":2817,"date":"2014-09-27T09:09:55","date_gmt":"2014-09-27T09:09:55","guid":{"rendered":"https:\/\/www.fundacionyuste.org:8008\/?page_id=2817"},"modified":"2017-06-01T21:59:31","modified_gmt":"2017-06-01T21:59:31","slug":"2817-2","status":"publish","type":"page","link":"https:\/\/www.fundacionyuste.org\/en\/yuste-camp\/2817-2\/","title":{"rendered":"Courses"},"content":{"rendered":"<p>[et_pb_section fullwidth=&#8221;off&#8221; specialty=&#8221;off&#8221;][et_pb_row][et_pb_column type=&#8221;1_3&#8243;][et_pb_sidebar admin_label=&#8221;Sidebar&#8221; orientation=&#8221;left&#8221; area=&#8221;et_pb_widget_area_13&#8243; background_layout=&#8221;light&#8221; \/][\/et_pb_column][et_pb_column type=&#8221;2_3&#8243;][et_pb_text admin_label=&#8221;TITLE &#8211; COURSES&#8221; background_layout=&#8221;light&#8221; text_orientation=&#8221;left&#8221;]<\/p>\n<div id=\"lipsum\">\n<h1>COURSES<\/h1>\n<\/div>\n<p>[\/et_pb_text][et_pb_image admin_label=&#8221;Image&#8221; src=&#8221;https:\/\/www.fundacionyuste.org\/wp-content\/uploads\/2014\/09\/fundacion-yuste_tit_campus_eng_2017.jpg&#8221; show_in_lightbox=&#8221;off&#8221; url_new_window=&#8221;off&#8221; animation=&#8221;right&#8221; \/][et_pb_text admin_label=&#8221;Yuste Campus Text&#8221; background_layout=&#8221;light&#8221; text_orientation=&#8221;left&#8221;]<\/p>\n<p>&nbsp;<\/p>\n<p><strong>Campus Yuste<\/strong> program is addressed to university students, researchers and professionals, and brings together the training academic activities of the European Academy of Yuste Foundation offering participants the opportunity to discuss and reflect in a unique site such as the Royal Monastery of Yuste\u00a0.<\/p>\n<p>[\/et_pb_text][et_pb_text admin_label=&#8221;TITLE &#8211; 2016 COURSES&#8221; background_layout=&#8221;light&#8221; text_orientation=&#8221;left&#8221;]<\/p>\n<h1>2017 COURSES<\/h1>\n<p>[\/et_pb_text][et_pb_blog admin_label=&#8221;2017 COURSES&#8221; fullwidth=&#8221;on&#8221; posts_number=&#8221;12&#8243; include_categories=&#8221;86&#8243; show_thumbnail=&#8221;on&#8221; show_content=&#8221;off&#8221; show_author=&#8221;off&#8221; show_date=&#8221;off&#8221; show_categories=&#8221;off&#8221; show_pagination=&#8221;off&#8221; background_layout=&#8221;light&#8221; meta_date=&#8221;M j, Y&#8221; \/][\/et_pb_column][\/et_pb_row][\/et_pb_section]<\/p>\n","protected":false},"excerpt":{"rendered":"<p><div class=\"et_pb_row et_pb_row_0 et_pb_row_empty\">\n\t\t\t\t\n\t\t\t\t\n\t\t\t\t\n\t\t\t\t\n\t\t\t\t\n\t\t\t<\/div> COURSES &nbsp; Campus Yuste program is addressed to university students, researchers and professionals, and brings together the training academic activities of the European Academy of Yuste Foundation offering participants the opportunity to discuss and reflect in a unique site such as the Royal Monastery of Yuste\u00a0. 2017 COURSES<\/p>\n","protected":false},"author":1,"featured_media":0,"parent":2815,"menu_order":0,"comment_status":"open","ping_status":"closed","template":"","meta":{"_et_pb_use_builder":"on","_et_pb_old_content":"<p>[et_pb_section fullwidth=\"off\" specialty=\"off\"][et_pb_row][et_pb_column type=\"1_3\"][et_pb_sidebar admin_label=\"Sidebar\" orientation=\"left\" area=\"et_pb_widget_area_4\" background_layout=\"light\" \/][\/et_pb_column][et_pb_column type=\"2_3\"][et_pb_text admin_label=\"Text\" background_layout=\"light\" text_orientation=\"left\"]<\/p><div id=\"lipsum\"><h1>CAMPUS YUSTE 2014<\/h1><\/div><p>[\/et_pb_text][et_pb_gallery admin_label=\"Gallery\" gallery_ids=\"2223,2224,2225,2226,2227,2228,2229,2230,2231,2232,2233\" fullwidth=\"on\" posts_number=\"11\" show_title_and_caption=\"off\" show_pagination=\"on\" background_layout=\"light\" module_id=\"galeria_grande\" \/][et_pb_text admin_label=\"Text\" background_layout=\"light\" text_orientation=\"left\"]<\/p><div id=\"lipsum\"><p>\u00a0<\/p><p>\u00a0<\/p><p>Campus Yuste es el espacio creado por la Fundaci\u00f3n Academia Europea de Yuste en el que se enmarcan todas sus acciones formativas, basadas en fomentar el debate y la reflexi\u00f3n de los universitarios y profesionales sobre temas de actualidad europea desde un punto de vista multidisciplinar y en un marco singular, como es el Real Monasterio de Yuste, que facilita el contacto entre los alumnos y los ponentes.<\/p><p>Esta iniciativa est\u00e1 dirigida a universitarios investigadores y profesionales que compartir\u00e1n reflexiones con personalidades de primer nivel acad\u00e9mico, pol\u00edtico o social. En definitiva, es un espacio para la reflexi\u00f3n, el pensamiento, la cultura y la ciencia.<\/p><p>\u00a0<\/p><\/div><p>[\/et_pb_text][et_pb_text admin_label=\"Text\" background_layout=\"light\" text_orientation=\"left\"]<\/p><h1>PR\u00d3XIMOS CURSOS<\/h1><p>[\/et_pb_text][et_pb_blog admin_label=\"Blog\" fullwidth=\"on\" posts_number=\"10\" include_categories=\"4\" meta_date=\"M j, Y\" show_thumbnail=\"on\" show_content=\"on\" show_author=\"off\" show_date=\"off\" show_categories=\"off\" show_pagination=\"on\" background_layout=\"light\" \/][\/et_pb_column][\/et_pb_row][\/et_pb_section]<\/p>","_et_gb_content_width":"","_links_to":"","_links_to_target":""},"_links":{"self":[{"href":"https:\/\/www.fundacionyuste.org\/en\/wp-json\/wp\/v2\/pages\/2817"}],"collection":[{"href":"https:\/\/www.fundacionyuste.org\/en\/wp-json\/wp\/v2\/pages"}],"about":[{"href":"https:\/\/www.fundacionyuste.org\/en\/wp-json\/wp\/v2\/types\/page"}],"author":[{"embeddable":true,"href":"https:\/\/www.fundacionyuste.org\/en\/wp-json\/wp\/v2\/users\/1"}],"replies":[{"embeddable":true,"href":"https:\/\/www.fundacionyuste.org\/en\/wp-json\/wp\/v2\/comments?post=2817"}],"version-history":[{"count":0,"href":"https:\/\/www.fundacionyuste.org\/en\/wp-json\/wp\/v2\/pages\/2817\/revisions"}],"up":[{"embeddable":true,"href":"https:\/\/www.fundacionyuste.org\/en\/wp-json\/wp\/v2\/pages\/2815"}],"wp:attachment":[{"href":"https:\/\/www.fundacionyuste.org\/en\/wp-json\/wp\/v2\/media?parent=2817"}],"curies":[{"name":"wp","href":"https:\/\/api.w.org\/{rel}","templated":true}]}}