{"id":2820,"date":"2014-09-27T09:11:42","date_gmt":"2014-09-27T09:11:42","guid":{"rendered":"https:\/\/www.fundacionyuste.org:8008\/?page_id=2820"},"modified":"2014-10-29T19:10:00","modified_gmt":"2014-10-29T19:10:00","slug":"2820-2","status":"publish","type":"page","link":"https:\/\/www.fundacionyuste.org\/en\/2820-2\/","title":{"rendered":"CHARLES V"},"content":{"rendered":"<p>[et_pb_section fullwidth=&#8221;off&#8221; specialty=&#8221;off&#8221;][et_pb_row][et_pb_column type=&#8221;1_3&#8243;][\/et_pb_column][et_pb_column type=&#8221;2_3&#8243;][et_pb_text admin_label=&#8221;Text&#8221; background_layout=&#8221;light&#8221; text_orientation=&#8221;left&#8221;]<\/p>\n<h1>Charles V<\/h1>\n<p><img decoding=\"async\" loading=\"lazy\" class=\"alignleft  wp-image-3858\" src=\"https:\/\/www.fundacionyuste.org\/wp-content\/uploads\/2014\/06\/carlosv_mini.jpg\" alt=\"carlosv_mini\" width=\"158\" height=\"158\" srcset=\"https:\/\/www.fundacionyuste.org\/wp-content\/uploads\/2014\/06\/carlosv_mini.jpg 350w, https:\/\/www.fundacionyuste.org\/wp-content\/uploads\/2014\/06\/carlosv_mini-150x150.jpg 150w, https:\/\/www.fundacionyuste.org\/wp-content\/uploads\/2014\/06\/carlosv_mini-300x300.jpg 300w, https:\/\/www.fundacionyuste.org\/wp-content\/uploads\/2014\/06\/carlosv_mini-36x36.jpg 36w, https:\/\/www.fundacionyuste.org\/wp-content\/uploads\/2014\/06\/carlosv_mini-133x133.jpg 133w\" sizes=\"(max-width: 158px) 100vw, 158px\" \/><\/p>\n<p>Charles V was born on 24 February 1500 in Ghent (Belgium).\u00a0 He was the first son of Joan (daughter of the Catholic Monarchs) and Philip the Handsome (son of Maximilian of Austria). In 1517, he came to Spain to be recognised by the Cortes [Parliament] of Castile, Aragon and Catalonia and pledged an oath before them, moreover, as Count of Barcelona.\u00a0 He engaged in a prolonged conflict with Francis I of France for European hegemony gaining diplomatic victory in 1519.\u00a0 His coronation as Emperor took place in Aachen in 1520.\u00a0\u00a0\u00a0 He would receive the following two crowns in Bologne (Italy) in 1530.<\/p>\n<p>The continuing confrontations with France, especially in Italy, the Turkish threat in the Mediterranean and the war between Protestants and Catholics in 1531 took its toll on Charles V.\u00a0 For this reason, on 25 October 1555, he decided to abdicate the throne in Brussels and divide his vast heritage between his brother Ferdinand and his son Philip II.<\/p>\n<p>After his abdication, Charles V travelled again to Spain.\u00a0 The place he chose to retire to is the Monastery of Yuste, in Extremadura.\u00a0 He ordered a palace to be built adjacent to the monastery.\u00a0 It was to be decorated with tapestries and paintings by Titian.\u00a0 He had 50 servants.\u00a0 Despite his desire to distance himself from politics, he closely followed affairs of state until the day of his death on 21 September 1558.<\/p>\n<p>&nbsp;<\/p>\n<p>[\/et_pb_text][et_pb_text admin_label=&#8221;Text&#8221; background_layout=&#8221;light&#8221; text_orientation=&#8221;left&#8221;]<\/p>\n<h2>CHARLES V CHRONOLOGY<\/h2>\n<p>[all_around id=&#8221;9&#8243;]<\/p>\n<p>[\/et_pb_text][\/et_pb_column][\/et_pb_row][\/et_pb_section]<\/p>\n","protected":false},"excerpt":{"rendered":"<p><div class=\"et_pb_row et_pb_row_0 et_pb_row_empty\">\n\t\t\t\t\n\t\t\t\t\n\t\t\t\t\n\t\t\t\t\n\t\t\t\t\n\t\t\t<\/div> Charles V Charles V was born on 24 February 1500 in Ghent (Belgium).\u00a0 He was the first son of Joan (daughter of the Catholic Monarchs) and Philip the Handsome (son of Maximilian of Austria). In 1517, he came to Spain to be recognised by the Cortes [Parliament] of Castile, Aragon and Catalonia and pledged [&hellip;]<\/p>\n","protected":false},"author":1,"featured_media":0,"parent":0,"menu_order":0,"comment_status":"open","ping_status":"closed","template":"","meta":{"_et_pb_use_builder":"on","_et_pb_old_content":"<p>[et_pb_section fullwidth=\"off\" specialty=\"off\"][et_pb_row][et_pb_column type=\"1_3\"][\/et_pb_column][et_pb_column type=\"2_3\"][et_pb_text admin_label=\"Text\" background_layout=\"light\" text_orientation=\"left\"]<\/p><h1>CARLOS V<\/h1><div id=\"lipsum\"><p><img class=\"aligncenter size-full wp-image-1547\" src=\"http:\/\/00pixel.com\/yuste2014\/wp-content\/uploads\/2014\/06\/carlosv_big.jpg\" alt=\"carlosv_big\" width=\"881\" height=\"379\" \/><\/p><p>Carlos V nace el 24 de febrero de 1500 en Gante (B\u00e9lgica). Primer hijo var\u00f3n de do\u00f1a Juana (hija de los Reyes Cat\u00f3licos) y de Felipe el Hermoso (hijo de Maximiliano de Austria).<\/p><p>Hoy en d\u00eda muchos pa\u00edses de la Uni\u00f3n Europea identifican gran parte de su historia con la figura de Carlos V. Es considerado como un visionario por su concepto de una Europa multicultural por encima de los estados nacionales.<\/p><p>En 1555 abdica y viaja de a Espa\u00f1a al lugar elegido para su retiro que no es otro que la casa-palacio que mand\u00f3 construir adosada al Real Monasterio de San Jer\u00f3nimo de Yuste, en Extremadura. A pesar de su deseo de alejarse de la pol\u00edtica, sigui\u00f3 muy de cerca los asuntos de Estado hasta el d\u00eda de su muerte el 21 de septiembre de 1558.<\/p><p>\u00a0<\/p><\/div><p>[\/et_pb_text][et_pb_accordion admin_label=\"DESPLEGABLE BIOGRAFIA\"][et_pb_accordion_item title=\"Nacimiento\"]<\/p><p>Carlos V nace el 24 de febrero de 1500 en Gante (B\u00e9lgica). Primer hijo var\u00f3n de do\u00f1a Juana (hija de los Reyes Cat\u00f3licos) y de Felipe el Hermoso (hijo de Maximiliano de Austria).<\/p><p>[\/et_pb_accordion_item][et_pb_accordion_item title=\"Infancia\"]<\/p><p><img class=\"alignleft size-full wp-image-1550\" src=\"http:\/\/00pixel.com\/yuste2014\/wp-content\/uploads\/2014\/06\/carlosv_infancia_mini.jpg\" alt=\"carlosv_infancia_mini\" width=\"279\" height=\"205\" \/>La infancia de Carlos V transcurre en la ciudad belga de Malinas, all\u00ed se cria junto a sus hermanas Leonor, Isabel y Mar\u00eda bajo la tutela de la archiduquesa Margarita, hermana de Felipe el Hermoso, a la muerte del cual en 1506, ejerci\u00f3 la Regencia de los Pa\u00edses Bajos. Declarado mayor de edad en 1515, instal\u00f3 su corte en Bruselas e inici\u00f3 su vida p\u00fablica de gobierno, con la ayuda entre otros de Adriano de Utrecht. Un a\u00f1o m\u00e1s tarde mor\u00eda su abuelo materno, Fernando el Cat\u00f3lico. Carlos de Habsburgo entr\u00f3 entonces en posesi\u00f3n de las Coronas de Castilla y Arag\u00f3n.<\/p><p>[\/et_pb_accordion_item][et_pb_accordion_item title=\"Llegada a Espa\u00f1a\"]<\/p><p>En 1517 Carlos V se traslad\u00f3 a Espa\u00f1a y sucesivamente recibi\u00f3 el reconocimiento de las cortes de Castilla (1517-1518), de Arag\u00f3n (1518) y de Catalu\u00f1a (1519-1520), ante las que jur\u00f3, adem\u00e1s, como conde de Barcelona. Se encontraba en la Pen\u00ednsula cuando, a la muerte de su abuelo Maximiliano I, tom\u00f3 posesi\u00f3n del patrimonio de la Casa de Austria (1519). Carlos de Habsburgo se postul\u00f3 de inmediato para ser consagrado como nuevo emperador, en contra de las aspiraciones de Francisco I de Francia, con el que entabl\u00f3 una prolongada lucha por la hegemon\u00eda europea. Gracias al apoyo de los banqueros alemanes de la casa Fugger que financiaron buena parte de su campa\u00f1a para obtener el favor de os electores alemanes, y la acci\u00f3n pol\u00edtica desarrollada por su canciller Gattinara, Carlos I de Espa\u00f1a logr\u00f3 su objetivo y fue elegido (junio 1519) y coronado como el emperador Carlos Quinto (octubre 1520).<\/p><p>[\/et_pb_accordion_item][et_pb_accordion_item title=\"Coronaci\u00f3n\"]<\/p><p><img class=\"alignleft size-full wp-image-1745\" src=\"http:\/\/00pixel.com\/yuste2014\/wp-content\/uploads\/2014\/09\/carlosv_coronacion.jpg\" alt=\"carlosv_coronacion\" width=\"279\" height=\"205\" \/>En 1519, lograda la victoria diplom\u00e1tica sobre el soberano franc\u00e9s Francisco I, Carlos V es elegido emperador. La coronaci\u00f3n imperial tuvo lugar en Aquisgr\u00e1n en 1520; aqu\u00ed recibe la primera corona como emperador electo. Las dos siguientes coronas se entregar\u00e1n en Bolonia (Italia) los d\u00edas 22 y 24 de febrero 1530.<\/p><p>[\/et_pb_accordion_item][et_pb_accordion_item title=\"Las Comunidades y las German\u00edas\"]<\/p><p><img class=\"alignleft size-full wp-image-1744\" src=\"http:\/\/00pixel.com\/yuste2014\/wp-content\/uploads\/2014\/09\/carlosv_germanicas.jpg\" alt=\"carlosv_germanicas\" width=\"279\" height=\"205\" \/>La relaci\u00f3n entre Espa\u00f1a y el emperador tuvo unos comienzos dif\u00edciles. Desde el primer momento hubo de hacer frente a las reticencias de la nobleza castellana, a la desconfianza que suscitaba su c\u00edrculo de consejeros borgo\u00f1ones, e incluso a la mayor simpat\u00eda que suscitaba su hermano Fernando entre los aragoneses. Cuando, en 1520, Carlos abandon\u00f3 la Pen\u00ednsula para tomar posesi\u00f3n de la corona imperial,\u00a0 dej\u00f3 tras de s\u00ed unos territorios sumidos en la rebeli\u00f3n. En Valencia, la de las German\u00edas, de signo antiaristocr\u00e1tico (1519-1522), que se extendi\u00f3 a Catalu\u00f1a, donde fue r\u00e1pidamente sofocada (1520), y a Mallorca donde tuvo su \u00faltimo reducto (1520-1523). En el reino de Castilla, la guerra de las Comunidades (1520-1521) estuvo protagonizada por las ciudades sublevadas contra la pol\u00edtica real que impon\u00eda nuevos grav\u00e1menes para sufragar la empresa imperial y dejaba el gobierno en manos de extranjeros, entre los que destacaba Adriano de Utrecht. La derrota del movimiento de los comuneros de Castilla en la batalla de V\u00edllalar (23 abril 1521) signific\u00f3, de manera inequ\u00edvoca, la sumisi\u00f3n del pa\u00eds al rey.<\/p><p>[\/et_pb_accordion_item][et_pb_accordion_item title=\"Francia y el Turco\"]<\/p><p><img class=\"alignleft size-full wp-image-1743\" src=\"http:\/\/00pixel.com\/yuste2014\/wp-content\/uploads\/2014\/09\/carlosv_turco.jpg\" alt=\"carlosv_turco\" width=\"279\" height=\"205\" \/>El imperio estuvo sometido a una doble amenaza. Por un lado la confrontaci\u00f3n con Francia, desarrollada especialmente en Italia, y la amenaza turca en el Mediterr\u00e1neo. La rivalidad con Francia, que ten\u00eda antecedentes en los conflictos entre \u00e9sta y la casa de Borgo\u00f1a, se concret\u00f3 en la lucha por el control de Italia. El emperador se enfrent\u00f3 a Francia en el curso de tres guerras (1521-1529, 1536-1538, 1539-1544); la primera, la m\u00e1s espectacular por producirse en ella la victoria carolina de Pav\u00eda (1525) \u2014donde Francisco I cay\u00f3 prisionero\u2014 y el saqueo de Roma por las tropas imperiales (1527). La situaci\u00f3n italiana evolucion\u00f3 poco a poco, en favor de los intereses espa\u00f1oles y culmin\u00f3 con la Paz de Cr\u00e9py, 1544, en la que Francisco I reconoci\u00f3 el dominio de Carlos Quinto en Italia y los Pa\u00edses Bajos. El emperador no tuvo la misma suerte en la lucha contra el poder otomano. Los esfuerzos de la lucha contra los turcos se concentraron en el Mediterr\u00e1neo occidental, contra la pirater\u00eda berberisca, sin llegar nunca a inquietar el centro del poder otomano. Solim\u00e1n atac\u00f3 por tierra, avanz\u00f3 a trav\u00e9s de Hungr\u00eda y se present\u00f3 ante las puertas de Viena (1529). La ofensiva terrestre turca pudo ser detenida, pero al propio tiempo se produjo la emancipaci\u00f3n definitiva de Argel, desde donde Barbarroja hostigar\u00eda de manera constante los territorios cristianos llegando a aso- lar las costas de Menorca, Mallorca y Valencia.<\/p><p>[\/et_pb_accordion_item][et_pb_accordion_item title=\"La Reforma\"]<\/p><p><img class=\"alignleft size-full wp-image-1742\" src=\"http:\/\/00pixel.com\/yuste2014\/wp-content\/uploads\/2014\/09\/carlosv_reforma.jpg\" alt=\"carlosv_reforma\" width=\"279\" height=\"205\" \/>La difusi\u00f3n de la doctrina protestante en Alemania iniciada por Lutero en 1517 acab\u00f3 minando gravemente el poder del que hab\u00eda querido ser el defensor universal de la cristiandad. La reforma protestante adquiri\u00f3 pronto las caracter\u00edsticas no s\u00f3lo de un cisma religioso sino de un movimiento pol\u00edtico de la nobleza alemana, con fines de emancipaci\u00f3n territorial y de secularizaci\u00f3n de bienes eclesi\u00e1sticos. Carlos Quinto intent\u00f3 durante una d\u00e9cada asumir una posici\u00f3n conciliatoria, inspirada en Erasmo, entre Lutero \u2014condenado por la dieta de Worms (1521)\u2014 y la intransigencia pontificia. Su esfuerzo, materializado en la dieta de Augsburgo (1530), en la que efectu\u00f3 peque\u00f1as concesiones a los protestantes, no fructific\u00f3 y, en 1531, estall\u00f3 la guerra entre los protestantes, organizados en la Liga de Smalkalda (1531), y el bando cat\u00f3lico encabezado por el propio emperad<br \/> or.<\/p><p>[\/et_pb_accordion_item][et_pb_accordion_item title=\"Abdicaci\u00f3n\"]<\/p><p><img class=\"alignleft wp-image-1741 size-full\" src=\"http:\/\/00pixel.com\/yuste2014\/wp-content\/uploads\/2014\/09\/carlosv_abdicacion.jpg\" alt=\"carlosv_abdicacion\" width=\"279\" height=\"205\" \/>El 25 de octubre de 1555 Carlos V decidi\u00f3 abdicar, en Bruselas, y repartir el vasto patrimonio. Leg\u00f3 a su hermano Fernando las posesiones austr\u00edacas de los Habsburgo y el t\u00edtulo de emperador, que los electores ratificaron tres a\u00f1os m\u00e1s tarde (1558). Llos Pa\u00edses Bajos, la corona castellana con su proyecci\u00f3n atl\u00e1ntica (colonias americanas) y la corona aragonesa y sus posesiones mediterr\u00e1neas pasaron a su hijo Felipe II.<\/p><p>[\/et_pb_accordion_item][et_pb_accordion_item title=\"Carlos V en Yuste\"]<\/p><p><img class=\"alignleft size-full wp-image-1740\" src=\"http:\/\/00pixel.com\/yuste2014\/wp-content\/uploads\/2014\/09\/carlosv_yuste.jpg\" alt=\"carlosv_yuste\" width=\"279\" height=\"205\" \/>Tras la abdicaci\u00f3n en Bruselas, Carlos V viaja de nuevo a Espa\u00f1a. El lugar elegido para su retiro es el Monasterio de Yuste, en Extremadura. Adosado a dicho Monasterio, Carlos V mand\u00f3 edificar una casa-palacio decorada con tapices y pinturas de Tiziano. Su servidumbre estaba compuesta por 50 personas. A pesar de su deseo de alejarse de la pol\u00edtica, sigui\u00f3 muy de cerca los asuntos de Estado hasta el d\u00eda de su muerte el 21 de septiembre de 1558.<\/p><p>[\/et_pb_accordion_item][\/et_pb_accordion][\/et_pb_column][\/et_pb_row][\/et_pb_section]<\/p><p>\u00a0<\/p>","_et_gb_content_width":"","_links_to":"","_links_to_target":""},"_links":{"self":[{"href":"https:\/\/www.fundacionyuste.org\/en\/wp-json\/wp\/v2\/pages\/2820"}],"collection":[{"href":"https:\/\/www.fundacionyuste.org\/en\/wp-json\/wp\/v2\/pages"}],"about":[{"href":"https:\/\/www.fundacionyuste.org\/en\/wp-json\/wp\/v2\/types\/page"}],"author":[{"embeddable":true,"href":"https:\/\/www.fundacionyuste.org\/en\/wp-json\/wp\/v2\/users\/1"}],"replies":[{"embeddable":true,"href":"https:\/\/www.fundacionyuste.org\/en\/wp-json\/wp\/v2\/comments?post=2820"}],"version-history":[{"count":0,"href":"https:\/\/www.fundacionyuste.org\/en\/wp-json\/wp\/v2\/pages\/2820\/revisions"}],"wp:attachment":[{"href":"https:\/\/www.fundacionyuste.org\/en\/wp-json\/wp\/v2\/media?parent=2820"}],"curies":[{"name":"wp","href":"https:\/\/api.w.org\/{rel}","templated":true}]}}