{"id":2830,"date":"2014-09-27T09:17:10","date_gmt":"2014-09-27T09:17:10","guid":{"rendered":"https:\/\/www.fundacionyuste.org:8008\/?page_id=2830"},"modified":"2015-04-20T16:46:51","modified_gmt":"2015-04-20T16:46:51","slug":"the-european-carlos-v-award","status":"publish","type":"page","link":"https:\/\/www.fundacionyuste.org\/en\/the-european-carlos-v-award\/","title":{"rendered":"CARLOS V EUROPEAN AWARD"},"content":{"rendered":"<p>[et_pb_section fullwidth=&#8221;off&#8221; specialty=&#8221;off&#8221; inner_shadow=&#8221;off&#8221; parallax=&#8221;off&#8221; parallax_method=&#8221;css&#8221;][et_pb_row][et_pb_column type=&#8221;1_3&#8243;][et_pb_sidebar admin_label=&#8221;Sidebar&#8221; orientation=&#8221;left&#8221; area=&#8221;et_pb_widget_area_10&#8243; background_layout=&#8221;light&#8221; \/][\/et_pb_column][et_pb_column type=&#8221;2_3&#8243;][et_pb_text admin_label=&#8221;Text&#8221; background_layout=&#8221;light&#8221; text_orientation=&#8221;left&#8221;]<\/p>\n<h1>CARLOS V EUROPEAN AWARD<\/h1>\n<p><img decoding=\"async\" loading=\"lazy\" class=\"aligncenter size-full wp-image-3400\" src=\"https:\/\/www.fundacionyuste.org\/wp-content\/uploads\/2014\/09\/award_big.jpg\" alt=\"award_big\" width=\"881\" height=\"379\" srcset=\"https:\/\/www.fundacionyuste.org\/wp-content\/uploads\/2014\/09\/award_big.jpg 881w, https:\/\/www.fundacionyuste.org\/wp-content\/uploads\/2014\/09\/award_big-300x129.jpg 300w, https:\/\/www.fundacionyuste.org\/wp-content\/uploads\/2014\/09\/award_big-600x258.jpg 600w, https:\/\/www.fundacionyuste.org\/wp-content\/uploads\/2014\/09\/award_big-133x57.jpg 133w\" sizes=\"(max-width: 881px) 100vw, 881px\" \/><\/p>\n<p>The European Union has been possible thanks to the driving force of leaders who have stood out for their commitment to the process of the European union or their contribution to the exaltation of the cultural, scientific and historical values of Europe.<\/p>\n<p>In order to highlight the work of these leaders, the <strong>Carlos V European Award<\/strong> is presented by a jury made up of distinguished figures. The presentation of the award takes place at a ceremony at the Royal Monastery of Yuste, presided over by the Spanish Royal Family. The Carlos V European Award represents the spirit of the construction of a united Europe.<\/p>\n<p>&nbsp;<\/p>\n<p>[\/et_pb_text][et_pb_divider admin_label=&#8221;Divider&#8221; color=&#8221;#ffffff&#8221; show_divider=&#8221;on&#8221; \/][et_pb_text admin_label=&#8221;Text&#8221; background_layout=&#8221;light&#8221; text_orientation=&#8221;left&#8221;]<\/p>\n<h1><span id=\"result_box\" class=\"short_text\" lang=\"en\"><span class=\"hps\">AWARD RECIPIENTS<\/span><\/span><\/h1>\n<p>&nbsp;<\/p>\n<p>[\/et_pb_text][et_pb_portfolio admin_label=&#8221;Portfolio&#8221; fullwidth=&#8221;off&#8221; posts_number=&#8221;100&#8243; include_categories=&#8221;12&#8243; show_title=&#8221;on&#8221; show_categories=&#8221;off&#8221; show_pagination=&#8221;on&#8221; background_layout=&#8221;light&#8221; \/][\/et_pb_column][\/et_pb_row][\/et_pb_section]<\/p>\n","protected":false},"excerpt":{"rendered":"<p><div class=\"et_pb_row et_pb_row_0 et_pb_row_empty\">\n\t\t\t\t\n\t\t\t\t\n\t\t\t\t\n\t\t\t\t\n\t\t\t\t\n\t\t\t<\/div> CARLOS V EUROPEAN AWARD The European Union has been possible thanks to the driving force of leaders who have stood out for their commitment to the process of the European union or their contribution to the exaltation of the cultural, scientific and historical values of Europe. In order to highlight the work of these [&hellip;]<\/p>\n","protected":false},"author":1,"featured_media":0,"parent":0,"menu_order":0,"comment_status":"open","ping_status":"closed","template":"","meta":{"_et_pb_use_builder":"on","_et_pb_old_content":"<p>[et_pb_section fullwidth=\"off\" specialty=\"off\" inner_shadow=\"off\" parallax=\"off\" parallax_method=\"css\"][et_pb_row][et_pb_column type=\"1_3\"][et_pb_sidebar admin_label=\"Sidebar\" orientation=\"left\" area=\"et_pb_widget_area_2\" background_layout=\"light\" \/][\/et_pb_column][et_pb_column type=\"2_3\"][et_pb_text admin_label=\"Text\" background_layout=\"light\" text_orientation=\"left\"]<\/p><h1>EL PREMIO EUROPEO CARLOS V<\/h1><p><a href=\"https:\/\/www.fundacionyuste.org:8008\/wp-content\/uploads\/2014\/07\/premio_big.jpg\"><img class=\"alignleft size-full wp-image-2567\" src=\"https:\/\/www.fundacionyuste.org:8008\/wp-content\/uploads\/2014\/07\/premio_big.jpg\" alt=\"premio_big\" width=\"881\" height=\"379\" \/><\/a><\/p><p>La Fundaci\u00f3n Academia Europea de Yuste instituy\u00f3 el <em><strong>'Premio Europeo Carlos V'<\/strong><\/em> con el fin de premiar la labor de aquellas personas que con su esfuerzo y dedicaci\u00f3n hayan contribuido al conocimiento general y engrandecimiento de los valores culturales, cient\u00edficos e hist\u00f3ricos de Europa, as\u00ed como al proceso de unificaci\u00f3n de la Comunidad Europea. El <strong><em>'Premio Europeo Carlos V'<\/em> <\/strong>es otorgado por el Patronato de la Fundaci\u00f3n Academia Europea de Yuste a propuesta de un Jurado designado por \u00e9l a tal efecto y compuesto por personalidades de reconocido prestigio en los distintos \u00e1mbitos socioculturales de Europa.<br \/> [\/et_pb_text][et_pb_divider admin_label=\"Divider\" color=\"#ffffff\" show_divider=\"on\" \/][et_pb_text admin_label=\"Text\" background_layout=\"light\" text_orientation=\"left\"]<\/p><h1>GALARDONADOS<\/h1><p>[\/et_pb_text][et_pb_portfolio admin_label=\"Portfolio\" fullwidth=\"off\" posts_number=\"100\" include_categories=\"12\" show_title=\"on\" show_categories=\"off\" show_pagination=\"on\" background_layout=\"light\" \/][\/et_pb_column][\/et_pb_row][\/et_pb_section]<\/p>","_et_gb_content_width":"","_links_to":"","_links_to_target":""},"_links":{"self":[{"href":"https:\/\/www.fundacionyuste.org\/en\/wp-json\/wp\/v2\/pages\/2830"}],"collection":[{"href":"https:\/\/www.fundacionyuste.org\/en\/wp-json\/wp\/v2\/pages"}],"about":[{"href":"https:\/\/www.fundacionyuste.org\/en\/wp-json\/wp\/v2\/types\/page"}],"author":[{"embeddable":true,"href":"https:\/\/www.fundacionyuste.org\/en\/wp-json\/wp\/v2\/users\/1"}],"replies":[{"embeddable":true,"href":"https:\/\/www.fundacionyuste.org\/en\/wp-json\/wp\/v2\/comments?post=2830"}],"version-history":[{"count":0,"href":"https:\/\/www.fundacionyuste.org\/en\/wp-json\/wp\/v2\/pages\/2830\/revisions"}],"wp:attachment":[{"href":"https:\/\/www.fundacionyuste.org\/en\/wp-json\/wp\/v2\/media?parent=2830"}],"curies":[{"name":"wp","href":"https:\/\/api.w.org\/{rel}","templated":true}]}}