{"id":2838,"date":"2014-09-27T09:23:19","date_gmt":"2014-09-27T09:23:19","guid":{"rendered":"https:\/\/www.fundacionyuste.org:8008\/?page_id=2838"},"modified":"2017-01-16T12:57:20","modified_gmt":"2017-01-16T12:57:20","slug":"jose-manuel-durao-barroso-award","status":"publish","type":"page","link":"https:\/\/www.fundacionyuste.org\/en\/the-european-carlos-v-award\/jose-manuel-durao-barroso-award\/","title":{"rendered":"Award to Sofia Corradi"},"content":{"rendered":"<p>[et_pb_section fullwidth=&#8221;off&#8221; specialty=&#8221;off&#8221;][et_pb_row][et_pb_column type=&#8221;1_3&#8243;][et_pb_sidebar admin_label=&#8221;Sidebar&#8221; orientation=&#8221;left&#8221; area=&#8221;et_pb_widget_area_10&#8243; background_layout=&#8221;light&#8221; \/][\/et_pb_column][et_pb_column type=&#8221;2_3&#8243;][et_pb_text admin_label=&#8221;Text&#8221; background_layout=&#8221;light&#8221; text_orientation=&#8221;left&#8221;]<\/p>\n<h1>AWARD TO SOFIA CORRADI<\/h1>\n<p>&nbsp;<\/p>\n<p>[\/et_pb_text][et_pb_gallery admin_label=&#8221;Gallery&#8221; gallery_ids=&#8221;8303&#8243; fullwidth=&#8221;on&#8221; posts_number=&#8221;4&#8243; show_title_and_caption=&#8221;on&#8221; show_pagination=&#8221;on&#8221; background_layout=&#8221;light&#8221; module_id=&#8221;galeria_grande&#8221; \/][et_pb_text admin_label=&#8221;Text&#8221; background_layout=&#8221;light&#8221; text_orientation=&#8221;left&#8221;]<\/p>\n<p>&nbsp;<\/p>\n<p>&nbsp;<\/p>\n<p>The European Academy of Yuste Foundation has announced the decision of the jury for the tenth Carlos V European Award, which has been won by Italian professor Sofia Corradi, known as \u201cMamma Erasmus\u201d for being the driving force behind the most important international exchange program for young students in Europe.<\/p>\n<p>With this award, the jury wishes to recognize \u201cher career and, above all, her great commitment and contribution to the process of European integration by means of the design and implementation of the ERASMUS initiative of the European Union, as well as her work and endeavour on behalf of academic mobility, focussing on young European students as a guarantee of tomorrow and the future of Europe\u201d.<\/p>\n<p>Isabel Gil Rosi\u00f1a, spokesperson of the Government of Extremadura and a member of the Board of Trustees of the European Academy of Yuste Foundation, announced the jury\u2019s decision on behalf of Guillermo Fern\u00e1ndez Vara, Chairman of the Award Jury, Chairman of the Board of Trustees of the European Academy of Yuste Foundation and President of the Government of Extremadura. With this award for Sofia Corradi and, therefore, her work and the Erasmus program, the aim of the jury and the European Academy of Yuste Foundation is to convey a clear message to the general public, expressing commitment to what unites us, not what separates us, even though many are now attempting to squander this process, without perceiving the importance of the preservation of Europe\u2019s great achievements and its main values as the cornerstone of our success and our common future. The Erasmus program, the Schengen agreement and the Euro are the great achievements and sources of pride of the EU, which States, institutions, civil society and the general public should continue to support.<\/p>\n<p>The results of the work initiated by Sofia Corradi for the benefit of the European integration process have established the foundations for other successful educational initiatives of a similar nature which reach beyond Europe\u2019s borders, such as Erasmus Mundus, as well as Erasmus Plus, the European Union\u2019s current program. Through her work, the Erasmus program has directly changed the lives of almost 3.5 million European students from around 4,000 universities throughout its period of operation, lasting nearly 30 years (the program was created in 1987). It has also benefited the teaching staff and, more indirectly, the environment where the students have led their lives, promoting highly positive changes in European academic, social, cultural, educational and economic life since its creation.<\/p>\n<p>The award has gone to a woman, an academic who has changed the way of viewing Europe and living in the European Union. It has been given to one of the major European projects encouraging co-existence, diversity, understanding, cooperation, European values and, more importantly, helping us to eliminate the mental barriers, the stereotypes, which are the main obstacle to progress and the peaceful co-existence of Europeans and those who inhabit our continent.<\/p>\n<p>Sofia Corradi thus becomes the tenth person, and the second woman, to receive the Carlos V European Award, which continues to lend commitment and importance to the positive changes which can be brought about by people and, upon the basis of this award, projects and institutions, with great ideas and the initiative, determination and will to carry them out.<\/p>\n<p>After being informed of the jury\u2019s decision, Sofia Corradi expressed her \u201cgratitude and a feeling of honour at being considered for a distinction as prestigious as the Carlos V European Award\u201d. She declared that she was \u201cparticularly pleased that the award has been made by an institution from Spain, a country with a great European spirit, as well as strong links with Latin America\u201d. In reference to the name of the award and the figure of Carlos V, on whose empire it was said that the sun never set, she stated that her \u201cdream is that, in a more peaceful world like that which we seek to build today, Erasmus will become a global project, in which the sun will never set either\u201d.<\/p>\n<p><strong>The 10th Carlos V European Award<\/strong><\/p>\n<p>It should be pointed out that this is the 10th Carlos V European Award, following the recent twentieth anniversary of the presentation of the first award to Jacques Delors, the former President of the European Commission, in 1995. There have been, therefore, ten awards, which demonstrates that the Carlos V European Award has a well-established and proven track record, confirming Extremadura\u2019s commitment to the process of European integration and the values it promotes and highlighting the importance of initiatives such as this one, born from civil society, on behalf of the unity and cooperation of the peoples of Europe. The recipients of the award until now have been Jacques Delors (1995), Wilfried Martens (1998), Felipe Gonz\u00e1lez (2000), Mikhail Gorbachev (2002), Jorge Sampaio (2004), Helmut Kohl (2006), Simone Veil (2008), Javier Solana (2010) and Jos\u00e9 Manuel Durao Barroso (2013).<\/p>\n<p>Following the announcement of the award a total of twenty nominations were submitted by institutions from seven countries in the European Union, with a total number of seventeen candidatures being selected for the 10th Carlos V European Award.<\/p>\n<p>&nbsp;<\/p>\n<p>&nbsp;<\/p>\n<p>[\/et_pb_text][\/et_pb_column][\/et_pb_row][\/et_pb_section]<\/p>\n","protected":false},"excerpt":{"rendered":"<p><div class=\"et_pb_row et_pb_row_0 et_pb_row_empty\">\n\t\t\t\t\n\t\t\t\t\n\t\t\t\t\n\t\t\t\t\n\t\t\t\t\n\t\t\t<\/div> AWARD TO SOFIA CORRADI &nbsp; &nbsp; &nbsp; The European Academy of Yuste Foundation has announced the decision of the jury for the tenth Carlos V European Award, which has been won by Italian professor Sofia Corradi, known as \u201cMamma Erasmus\u201d for being the driving force behind the most important international exchange program for young [&hellip;]<\/p>\n","protected":false},"author":1,"featured_media":0,"parent":2830,"menu_order":0,"comment_status":"open","ping_status":"closed","template":"","meta":{"_et_pb_use_builder":"on","_et_pb_old_content":"<p>[et_pb_section fullwidth=\"off\" specialty=\"off\"][et_pb_row][et_pb_column type=\"1_3\"][et_pb_sidebar admin_label=\"Sidebar\" orientation=\"left\" area=\"et_pb_widget_area_2\" background_layout=\"light\" \/][et_pb_sidebar admin_label=\"Sidebar\" orientation=\"left\" area=\"et_pb_widget_area_5\" background_layout=\"light\" \/][\/et_pb_column][et_pb_column type=\"2_3\"][et_pb_text admin_label=\"Text\" background_layout=\"light\" text_orientation=\"left\"]<\/p><h1>PREMIO 2014. JOS\u00c9 MANUEL DURAO BARROSO<\/h1><p>[\/et_pb_text][et_pb_gallery admin_label=\"Gallery\" gallery_ids=\"2208\" fullwidth=\"on\" posts_number=\"4\" show_title_and_caption=\"on\" show_pagination=\"on\" background_layout=\"light\" module_id=\"galeria_grande\" \/][et_pb_text admin_label=\"Text\" background_layout=\"light\" text_orientation=\"left\"]<\/p><p>\u00a0<\/p><p>\u00a0<\/p><p>El presidente de la Comisi\u00f3n Europea, Jos\u00e9 Manuel Dur\u00e3o Barroso, recibi\u00f3 el Premio Carlos V, que otorga la Fundaci\u00f3n Academia Europea de Yuste, el 16 de enero de 2014 en una ceremonia que tuvo lugar en el Real Monasterio de Yuste (C\u00e1ceres), presidida por Su Alteza Real el Pr\u00edncipe de Asturias. El Jurado del \u2018Premio Europeo Carlos V\u2019, que convoca la Fundaci\u00f3n A. Europea de Yuste, decidi\u00f3 premiar la labor de Jos\u00e9 Manuel Dur\u00e3o Barroso (Lisboa, 23 de marzo de 1956), Presidente de la Comisi\u00f3n Europea, <em><strong>por su trayectoria y su compromiso en la pol\u00edtica de unificaci\u00f3n europea,\u00a0 su trabajo a favor de la participaci\u00f3n ciudadana en el proceso de integraci\u00f3n europea, y su compromiso por acercar Europa a sus ciudadanos buscando siempre el inter\u00e9s com\u00fan por encima de intereses individuales<\/strong>.<\/em><\/p><p>\u00a0<\/p><p>\u00a0<\/p><p>\u00a0<\/p><p>[\/et_pb_text][\/et_pb_column][\/et_pb_row][\/et_pb_section]<\/p>","_et_gb_content_width":"","_links_to":"","_links_to_target":""},"_links":{"self":[{"href":"https:\/\/www.fundacionyuste.org\/en\/wp-json\/wp\/v2\/pages\/2838"}],"collection":[{"href":"https:\/\/www.fundacionyuste.org\/en\/wp-json\/wp\/v2\/pages"}],"about":[{"href":"https:\/\/www.fundacionyuste.org\/en\/wp-json\/wp\/v2\/types\/page"}],"author":[{"embeddable":true,"href":"https:\/\/www.fundacionyuste.org\/en\/wp-json\/wp\/v2\/users\/1"}],"replies":[{"embeddable":true,"href":"https:\/\/www.fundacionyuste.org\/en\/wp-json\/wp\/v2\/comments?post=2838"}],"version-history":[{"count":0,"href":"https:\/\/www.fundacionyuste.org\/en\/wp-json\/wp\/v2\/pages\/2838\/revisions"}],"up":[{"embeddable":true,"href":"https:\/\/www.fundacionyuste.org\/en\/wp-json\/wp\/v2\/pages\/2830"}],"wp:attachment":[{"href":"https:\/\/www.fundacionyuste.org\/en\/wp-json\/wp\/v2\/media?parent=2838"}],"curies":[{"name":"wp","href":"https:\/\/api.w.org\/{rel}","templated":true}]}}