{"id":3782,"date":"2014-10-07T15:52:18","date_gmt":"2014-10-07T15:52:18","guid":{"rendered":"https:\/\/www.fundacionyuste.org\/?page_id=3782"},"modified":"2024-01-11T08:51:49","modified_gmt":"2024-01-11T08:51:49","slug":"staff","status":"publish","type":"page","link":"https:\/\/www.fundacionyuste.org\/en\/fundacion\/staff\/","title":{"rendered":"Staff"},"content":{"rendered":"<p>[et_pb_section fb_built=&#8221;1&#8243; _builder_version=&#8221;4.16&#8243; custom_padding=&#8221;0px|1px|0px|0px&#8221; global_colors_info=&#8221;{}&#8221;][et_pb_row column_structure=&#8221;1_4,3_4&#8243; admin_label=&#8221;ENCABEZADOS&#8221; _builder_version=&#8221;4.16&#8243; background_size=&#8221;initial&#8221; background_position=&#8221;top_left&#8221; background_repeat=&#8221;repeat&#8221; global_colors_info=&#8221;{}&#8221;][et_pb_column type=&#8221;1_4&#8243; _builder_version=&#8221;4.16&#8243; custom_padding=&#8221;|||&#8221; global_colors_info=&#8221;{}&#8221; custom_padding__hover=&#8221;|||&#8221;][et_pb_text admin_label=&#8221;TITULO SECCI\u00d3N&#8221; _builder_version=&#8221;4.16&#8243; text_font=&#8221;Muli|600|||||||&#8221; text_text_color=&#8221;#7cda24&#8243; text_font_size=&#8221;33px&#8221; header_font=&#8221;Muli||||||||&#8221; header_font_size=&#8221;31px&#8221; text_orientation=&#8221;right&#8221; module_alignment=&#8221;right&#8221; custom_padding=&#8221;|20px||&#8221; text_text_shadow_style=&#8221;preset3&#8243; text_text_shadow_color=&#8221;rgba(0,0,0,0.28)&#8221; header_text_shadow_style=&#8221;preset3&#8243; global_colors_info=&#8221;{}&#8221;]<\/p>\n<h1>FOUNDATION<\/h1>\n<p>[\/et_pb_text][\/et_pb_column][et_pb_column type=&#8221;3_4&#8243; _builder_version=&#8221;4.16&#8243; custom_padding=&#8221;|||&#8221; global_colors_info=&#8221;{}&#8221; custom_padding__hover=&#8221;|||&#8221;][et_pb_post_title meta=&#8221;off&#8221; featured_image=&#8221;off&#8221; admin_label=&#8221;T\u00cdTULO DE LA P\u00c1GINA (Autom\u00e1tico)&#8221; _builder_version=&#8221;4.16&#8243; title_level=&#8221;h2&#8243; title_font=&#8221;Muli|700||on|||||&#8221; title_font_size=&#8221;20px&#8221; background_size=&#8221;initial&#8221; background_position=&#8221;top_left&#8221; background_repeat=&#8221;repeat&#8221; custom_margin=&#8221;6px|||&#8221; global_colors_info=&#8221;{}&#8221;]<br \/>\n[\/et_pb_post_title][\/et_pb_column][\/et_pb_row][et_pb_row column_structure=&#8221;1_4,3_4&#8243; _builder_version=&#8221;4.16&#8243; background_size=&#8221;initial&#8221; background_position=&#8221;top_left&#8221; background_repeat=&#8221;repeat&#8221; global_colors_info=&#8221;{}&#8221;][et_pb_column type=&#8221;1_4&#8243; _builder_version=&#8221;4.16&#8243; custom_padding=&#8221;|||&#8221; global_colors_info=&#8221;{}&#8221; custom_padding__hover=&#8221;|||&#8221;][et_pb_sidebar area=&#8221;et_pb_widget_area_1&#8243; _builder_version=&#8221;4.16&#8243; global_colors_info=&#8221;{}&#8221;]<br \/>\n[\/et_pb_sidebar][\/et_pb_column][et_pb_column type=&#8221;3_4&#8243; _builder_version=&#8221;4.16&#8243; custom_padding=&#8221;|||&#8221; global_colors_info=&#8221;{}&#8221; custom_padding__hover=&#8221;|||&#8221;][et_pb_gallery gallery_ids=&#8221;224923&#8243; gallery_captions=&#8221;<strong>DIRECTOR<\/strong>,<strong>DIRECTOR ACAD\u00c9MICO<\/strong>&#8221; posts_number=&#8221;1&#8243; show_pagination=&#8221;off&#8221; zoom_icon_color=&#8221;#00a8ff&#8221; admin_label=&#8221;STAFF&#8221; _builder_version=&#8221;4.16&#8243; title_font=&#8221;Muli||||||||&#8221; title_text_align=&#8221;center&#8221; title_font_size=&#8221;12px&#8221; caption_font=&#8221;Muli|600||on|||||&#8221; caption_font_size=&#8221;13px&#8221; background_size=&#8221;initial&#8221; background_position=&#8221;top_left&#8221; background_repeat=&#8221;repeat&#8221; text_orientation=&#8221;center&#8221; custom_margin=&#8221;|||-10px&#8221; animation_style=&#8221;fade&#8221; animation_direction=&#8221;top&#8221; animation_duration=&#8221;1800ms&#8221; pagination_font_size_tablet=&#8221;51&#8243; pagination_line_height_tablet=&#8221;2&#8243; custom_css_gallery_item=&#8221;margin:0 8px;&#8221; custom_css_overlay=&#8221;display:none&#8221; custom_css_overlay_icon=&#8221;display:none&#8221; custom_css_gallery_item_title=&#8221;text-align: center !important;&#8221; global_colors_info=&#8221;{}&#8221; db_image_max_width_tablet=&#8221;51&#8243; db_image_max_height_tablet=&#8221;501&#8243; db_image_row_spacing_tablet=&#8221;51&#8243;]<br \/>\n[\/et_pb_gallery][et_pb_text admin_label=&#8221;T\u00cdTULO STAFF&#8221; _builder_version=&#8221;4.16&#8243; text_font=&#8221;Muli||||||||&#8221; header_font=&#8221;Muli|600|||||||&#8221; header_font_size=&#8221;14px&#8221; header_2_font=&#8221;Muli||||||||&#8221; header_2_font_size=&#8221;20px&#8221; header_4_font=&#8221;Muli||||||||&#8221; header_4_font_size=&#8221;17px&#8221; header_4_line_height=&#8221;1.1em&#8221; background_size=&#8221;initial&#8221; background_position=&#8221;top_left&#8221; background_repeat=&#8221;repeat&#8221; custom_css_main_element=&#8221;border-bottom:1px solid rgba(0,0,0,.07)&#8221; global_colors_info=&#8221;{}&#8221;]<\/p>\n<h2>EUROPEAN AFFAIRS<\/h2>\n<p>[\/et_pb_text][et_pb_gallery gallery_ids=&#8221;227346&#8243; posts_number=&#8221;1&#8243; show_pagination=&#8221;off&#8221; admin_label=&#8221;STAFF&#8221; _builder_version=&#8221;4.16&#8243; title_font=&#8221;Muli||||||||&#8221; title_text_align=&#8221;center&#8221; title_font_size=&#8221;12px&#8221; caption_font=&#8221;Muli|600||on|||||&#8221; caption_font_size=&#8221;13px&#8221; text_orientation=&#8221;center&#8221; custom_margin=&#8221;-16px|||-10px&#8221; animation_style=&#8221;fade&#8221; animation_direction=&#8221;top&#8221; animation_duration=&#8221;1800ms&#8221; pagination_font_size_tablet=&#8221;51&#8243; pagination_line_height_tablet=&#8221;2&#8243; custom_css_gallery_item=&#8221;margin:0 8px;&#8221; custom_css_overlay=&#8221;display:none&#8221; custom_css_overlay_icon=&#8221;display:none&#8221; custom_css_gallery_item_title=&#8221;text-align: center !important;&#8221; global_colors_info=&#8221;{}&#8221; db_image_max_width_tablet=&#8221;51&#8243; db_image_max_height_tablet=&#8221;501&#8243; db_image_row_spacing_tablet=&#8221;51&#8243;]<br \/>\n[\/et_pb_gallery][et_pb_text admin_label=&#8221;T\u00cdTULO STAFF&#8221; _builder_version=&#8221;4.16&#8243; text_font=&#8221;Muli||||||||&#8221; header_font=&#8221;Muli||||||||&#8221; header_font_size=&#8221;14px&#8221; header_2_font=&#8221;Muli|600|||||||&#8221; header_2_font_size=&#8221;20px&#8221; header_4_font=&#8221;Muli||||||||&#8221; header_4_font_size=&#8221;17px&#8221; header_4_line_height=&#8221;1.1em&#8221; custom_css_main_element=&#8221;border-bottom:1px solid rgba(0,0,0,.07)&#8221; global_colors_info=&#8221;{}&#8221;]<\/p>\n<h2>ACTIVITIES<\/h2>\n<p>[\/et_pb_text][et_pb_gallery gallery_ids=&#8221;209662,209661,211588,7084&#8243; gallery_captions=&#8221;,,,&#8221; show_pagination=&#8221;off&#8221; admin_label=&#8221;STAFF&#8221; _builder_version=&#8221;4.19.5&#8243; title_font=&#8221;Muli||||||||&#8221; title_text_align=&#8221;center&#8221; title_font_size=&#8221;12px&#8221; caption_font=&#8221;Muli|600||on|||||&#8221; caption_font_size=&#8221;13px&#8221; text_orientation=&#8221;center&#8221; custom_margin=&#8221;-16px|||-10px&#8221; animation_style=&#8221;fade&#8221; animation_duration=&#8221;1800ms&#8221; pagination_font_size_tablet=&#8221;51&#8243; pagination_line_height_tablet=&#8221;2&#8243; custom_css_gallery_item=&#8221;margin:0 8px;&#8221; custom_css_overlay=&#8221;display:none&#8221; custom_css_overlay_icon=&#8221;display:none&#8221; custom_css_gallery_item_title=&#8221;text-align: center !important;&#8221; global_colors_info=&#8221;{}&#8221; db_image_max_width_tablet=&#8221;51&#8243; db_image_max_height_tablet=&#8221;501&#8243; db_image_row_spacing_tablet=&#8221;51&#8243;]<br \/>\n[\/et_pb_gallery][et_pb_text admin_label=&#8221;T\u00cdTULO STAFF&#8221; _builder_version=&#8221;4.16&#8243; text_font=&#8221;Muli||||||||&#8221; header_font=&#8221;Muli||||||||&#8221; header_font_size=&#8221;14px&#8221; header_2_font=&#8221;Muli|600|||||||&#8221; header_2_font_size=&#8221;20px&#8221; header_4_font=&#8221;Muli||||||||&#8221; header_4_font_size=&#8221;17px&#8221; header_4_line_height=&#8221;1.1em&#8221; custom_css_main_element=&#8221;border-bottom:1px solid rgba(0,0,0,.07)&#8221; global_colors_info=&#8221;{}&#8221;]<\/p>\n<h2>COMUNICATION<\/h2>\n<p>[\/et_pb_text][et_pb_gallery gallery_ids=&#8221;3289,224959&#8243; gallery_captions=&#8221;,&#8221; posts_number=&#8221;2&#8243; show_pagination=&#8221;off&#8221; admin_label=&#8221;STAFF&#8221; _builder_version=&#8221;4.16&#8243; title_font=&#8221;Muli||||||||&#8221; title_text_align=&#8221;center&#8221; title_font_size=&#8221;12px&#8221; caption_font=&#8221;Muli|600||on|||||&#8221; caption_font_size=&#8221;13px&#8221; text_orientation=&#8221;center&#8221; custom_margin=&#8221;-16px|||-10px&#8221; animation_style=&#8221;fade&#8221; animation_duration=&#8221;1800ms&#8221; pagination_font_size_tablet=&#8221;51&#8243; pagination_line_height_tablet=&#8221;2&#8243; custom_css_gallery_item=&#8221;margin:0 8px;&#8221; custom_css_overlay=&#8221;display:none&#8221; custom_css_overlay_icon=&#8221;display:none&#8221; custom_css_gallery_item_title=&#8221;text-align: center !important;&#8221; global_colors_info=&#8221;{}&#8221; db_image_max_width_tablet=&#8221;51&#8243; db_image_max_height_tablet=&#8221;501&#8243; db_image_row_spacing_tablet=&#8221;51&#8243;]<br \/>\n[\/et_pb_gallery][et_pb_text admin_label=&#8221;T\u00cdTULO STAFF&#8221; _builder_version=&#8221;4.16&#8243; text_font=&#8221;Muli||||||||&#8221; header_font=&#8221;Muli||||||||&#8221; header_font_size=&#8221;14px&#8221; header_2_font=&#8221;Muli|600|||||||&#8221; header_2_font_size=&#8221;20px&#8221; header_4_font=&#8221;Muli||||||||&#8221; header_4_font_size=&#8221;17px&#8221; header_4_line_height=&#8221;1.1em&#8221; custom_css_main_element=&#8221;border-bottom:1px solid rgba(0,0,0,.07)&#8221; global_colors_info=&#8221;{}&#8221;]<\/p>\n<h2>DOCUMENTATION &amp; PUBLICATIONS<\/h2>\n<p>[\/et_pb_text][et_pb_gallery gallery_ids=&#8221;3290,209108&#8243; gallery_captions=&#8221;,&#8221; posts_number=&#8221;2&#8243; show_pagination=&#8221;off&#8221; admin_label=&#8221;STAFF&#8221; _builder_version=&#8221;4.16&#8243; title_font=&#8221;Muli||||||||&#8221; title_text_align=&#8221;center&#8221; title_font_size=&#8221;12px&#8221; title_line_height=&#8221;1.1em&#8221; caption_font=&#8221;Muli|600||on|||||&#8221; caption_font_size=&#8221;13px&#8221; text_orientation=&#8221;center&#8221; custom_margin=&#8221;-16px|||-10px&#8221; animation_style=&#8221;fade&#8221; animation_duration=&#8221;1800ms&#8221; pagination_font_size_tablet=&#8221;51&#8243; pagination_line_height_tablet=&#8221;2&#8243; custom_css_gallery_item=&#8221;margin:0 8px;&#8221; custom_css_overlay=&#8221;display:none&#8221; custom_css_overlay_icon=&#8221;display:none&#8221; custom_css_gallery_item_title=&#8221;text-align: center !important;&#8221; global_colors_info=&#8221;{}&#8221; db_image_max_width_tablet=&#8221;51&#8243; db_image_max_height_tablet=&#8221;501&#8243; db_image_row_spacing_tablet=&#8221;51&#8243;]<br \/>\n[\/et_pb_gallery][et_pb_text admin_label=&#8221;T\u00cdTULO STAFF&#8221; _builder_version=&#8221;4.16&#8243; text_font=&#8221;Muli||||||||&#8221; header_font=&#8221;Muli||||||||&#8221; header_font_size=&#8221;14px&#8221; header_2_font=&#8221;Muli|600|||||||&#8221; header_2_font_size=&#8221;20px&#8221; header_4_font=&#8221;Muli||||||||&#8221; header_4_font_size=&#8221;17px&#8221; header_4_line_height=&#8221;1.1em&#8221; z_index_tablet=&#8221;500&#8243; custom_css_main_element=&#8221;border-bottom:1px solid rgba(0,0,0,.07)&#8221; text_text_shadow_horizontal_length_tablet=&#8221;0px&#8221; text_text_shadow_vertical_length_tablet=&#8221;0px&#8221; text_text_shadow_blur_strength_tablet=&#8221;1px&#8221; link_text_shadow_horizontal_length_tablet=&#8221;0px&#8221; link_text_shadow_vertical_length_tablet=&#8221;0px&#8221; link_text_shadow_blur_strength_tablet=&#8221;1px&#8221; ul_text_shadow_horizontal_length_tablet=&#8221;0px&#8221; ul_text_shadow_vertical_length_tablet=&#8221;0px&#8221; ul_text_shadow_blur_strength_tablet=&#8221;1px&#8221; ol_text_shadow_horizontal_length_tablet=&#8221;0px&#8221; ol_text_shadow_vertical_length_tablet=&#8221;0px&#8221; ol_text_shadow_blur_strength_tablet=&#8221;1px&#8221; quote_text_shadow_horizontal_length_tablet=&#8221;0px&#8221; quote_text_shadow_vertical_length_tablet=&#8221;0px&#8221; quote_text_shadow_blur_strength_tablet=&#8221;1px&#8221; header_text_shadow_horizontal_length_tablet=&#8221;0px&#8221; header_text_shadow_vertical_length_tablet=&#8221;0px&#8221; header_text_shadow_blur_strength_tablet=&#8221;1px&#8221; header_2_text_shadow_horizontal_length_tablet=&#8221;0px&#8221; header_2_text_shadow_vertical_length_tablet=&#8221;0px&#8221; header_2_text_shadow_blur_strength_tablet=&#8221;1px&#8221; header_3_text_shadow_horizontal_length_tablet=&#8221;0px&#8221; header_3_text_shadow_vertical_length_tablet=&#8221;0px&#8221; header_3_text_shadow_blur_strength_tablet=&#8221;1px&#8221; header_4_text_shadow_horizontal_length_tablet=&#8221;0px&#8221; header_4_text_shadow_vertical_length_tablet=&#8221;0px&#8221; header_4_text_shadow_blur_strength_tablet=&#8221;1px&#8221; header_5_text_shadow_horizontal_length_tablet=&#8221;0px&#8221; header_5_text_shadow_vertical_length_tablet=&#8221;0px&#8221; header_5_text_shadow_blur_strength_tablet=&#8221;1px&#8221; header_6_text_shadow_horizontal_length_tablet=&#8221;0px&#8221; header_6_text_shadow_vertical_length_tablet=&#8221;0px&#8221; header_6_text_shadow_blur_strength_tablet=&#8221;1px&#8221; box_shadow_horizontal_tablet=&#8221;0px&#8221; box_shadow_vertical_tablet=&#8221;0px&#8221; box_shadow_blur_tablet=&#8221;40px&#8221; box_shadow_spread_tablet=&#8221;0px&#8221; global_colors_info=&#8221;{}&#8221;]<\/p>\n<h2>EUROPEAN DOCUMENTATION CENTRE<\/h2>\n<p>[\/et_pb_text][et_pb_gallery gallery_ids=&#8221;221476,221474&#8243; gallery_captions=&#8221;,&#8221; posts_number=&#8221;2&#8243; show_pagination=&#8221;off&#8221; admin_label=&#8221;STAFF&#8221; _builder_version=&#8221;4.16&#8243; title_font=&#8221;Muli||||||||&#8221; title_text_align=&#8221;center&#8221; title_font_size=&#8221;12px&#8221; title_line_height=&#8221;1.1em&#8221; caption_font=&#8221;Muli|600||on|||||&#8221; caption_font_size=&#8221;13px&#8221; text_orientation=&#8221;center&#8221; custom_margin=&#8221;-16px|||-10px&#8221; animation_style=&#8221;fade&#8221; animation_duration=&#8221;1800ms&#8221; pagination_font_size_tablet=&#8221;51&#8243; pagination_line_height_tablet=&#8221;2&#8243; z_index_tablet=&#8221;500&#8243; custom_css_gallery_item=&#8221;margin:0 8px;&#8221; custom_css_overlay=&#8221;display:none&#8221; custom_css_overlay_icon=&#8221;display:none&#8221; custom_css_gallery_item_title=&#8221;text-align: center !important;&#8221; title_text_shadow_horizontal_length_tablet=&#8221;0px&#8221; title_text_shadow_vertical_length_tablet=&#8221;0px&#8221; title_text_shadow_blur_strength_tablet=&#8221;1px&#8221; caption_text_shadow_horizontal_length_tablet=&#8221;0px&#8221; caption_text_shadow_vertical_length_tablet=&#8221;0px&#8221; caption_text_shadow_blur_strength_tablet=&#8221;1px&#8221; pagination_text_shadow_horizontal_length_tablet=&#8221;0px&#8221; pagination_text_shadow_vertical_length_tablet=&#8221;0px&#8221; pagination_text_shadow_blur_strength_tablet=&#8221;1px&#8221; box_shadow_horizontal_tablet=&#8221;0px&#8221; box_shadow_vertical_tablet=&#8221;0px&#8221; box_shadow_blur_tablet=&#8221;40px&#8221; box_shadow_spread_tablet=&#8221;0px&#8221; box_shadow_horizontal_image_tablet=&#8221;0px&#8221; box_shadow_vertical_image_tablet=&#8221;0px&#8221; box_shadow_blur_image_tablet=&#8221;40px&#8221; box_shadow_spread_image_tablet=&#8221;0px&#8221; text_shadow_horizontal_length_tablet=&#8221;0px&#8221; text_shadow_vertical_length_tablet=&#8221;0px&#8221; text_shadow_blur_strength_tablet=&#8221;1px&#8221; global_colors_info=&#8221;{}&#8221; db_image_max_width_tablet=&#8221;51&#8243; db_image_max_height_tablet=&#8221;501&#8243; db_image_row_spacing_tablet=&#8221;51&#8243;]<br \/>\n[\/et_pb_gallery][et_pb_text admin_label=&#8221;T\u00cdTULO STAFF&#8221; _builder_version=&#8221;4.16&#8243; text_font=&#8221;Muli||||||||&#8221; header_font=&#8221;Muli|600|||||||&#8221; header_font_size=&#8221;14px&#8221; header_2_font=&#8221;Muli||||||||&#8221; header_2_font_size=&#8221;20px&#8221; header_4_font=&#8221;Muli||||||||&#8221; header_4_font_size=&#8221;17px&#8221; header_4_line_height=&#8221;1.1em&#8221; background_size=&#8221;initial&#8221; background_position=&#8221;top_left&#8221; background_repeat=&#8221;repeat&#8221; custom_css_main_element=&#8221;border-bottom:1px solid rgba(0,0,0,.07)&#8221; global_colors_info=&#8221;{}&#8221;]<\/p>\n<h2>ADMINISTRATION &amp; SECRETARY<\/h2>\n<p>[\/et_pb_text][et_pb_gallery gallery_ids=&#8221;224917,224929,3280&#8243; gallery_captions=&#8221;,,&#8221; show_pagination=&#8221;off&#8221; admin_label=&#8221;STAFF&#8221; _builder_version=&#8221;4.19.5&#8243; title_font=&#8221;Muli||||||||&#8221; title_text_align=&#8221;center&#8221; title_font_size=&#8221;12px&#8221; title_line_height=&#8221;1.1em&#8221; caption_font=&#8221;Muli|600||on|||||&#8221; caption_font_size=&#8221;13px&#8221; text_orientation=&#8221;center&#8221; custom_margin=&#8221;-16px|||-10px&#8221; animation_style=&#8221;fade&#8221; animation_duration=&#8221;1800ms&#8221; hover_enabled=&#8221;0&#8243; pagination_font_size_tablet=&#8221;51&#8243; pagination_line_height_tablet=&#8221;2&#8243; custom_css_gallery_item=&#8221;margin:0 8px;&#8221; custom_css_overlay=&#8221;display:none&#8221; custom_css_overlay_icon=&#8221;display:none&#8221; custom_css_gallery_item_title=&#8221;text-align: center !important;&#8221; global_colors_info=&#8221;{}&#8221; db_image_max_width_tablet=&#8221;51&#8243; db_image_max_height_tablet=&#8221;501&#8243; db_image_row_spacing_tablet=&#8221;51&#8243; sticky_enabled=&#8221;0&#8243;]<br \/>\n[\/et_pb_gallery][et_pb_text admin_label=&#8221;T\u00cdTULO STAFF&#8221; _builder_version=&#8221;4.16&#8243; text_font=&#8221;Muli||||||||&#8221; header_font=&#8221;Muli||||||||&#8221; header_font_size=&#8221;14px&#8221; header_2_font=&#8221;Muli|600|||||||&#8221; header_2_font_size=&#8221;20px&#8221; header_4_font=&#8221;Muli||||||||&#8221; header_4_font_size=&#8221;17px&#8221; header_4_line_height=&#8221;1.1em&#8221; custom_css_main_element=&#8221;border-bottom:1px solid rgba(0,0,0,.07)&#8221; global_colors_info=&#8221;{}&#8221;]<\/p>\n<h2>AUXILIARES<\/h2>\n<p>[\/et_pb_text][et_pb_gallery gallery_ids=&#8221;3286,208375,209671&#8243; gallery_captions=&#8221;,,&#8221; posts_number=&#8221;3&#8243; show_pagination=&#8221;off&#8221; admin_label=&#8221;STAFF&#8221; _builder_version=&#8221;4.16&#8243; title_font=&#8221;Muli||||||||&#8221; title_text_align=&#8221;center&#8221; title_font_size=&#8221;12px&#8221; title_line_height=&#8221;1.1em&#8221; caption_font=&#8221;Muli|600||on|||||&#8221; caption_font_size=&#8221;13px&#8221; text_orientation=&#8221;center&#8221; custom_margin=&#8221;-16px|||-10px&#8221; animation_style=&#8221;fade&#8221; animation_duration=&#8221;1800ms&#8221; pagination_font_size_tablet=&#8221;51&#8243; pagination_line_height_tablet=&#8221;2&#8243; custom_css_gallery_item=&#8221;margin:0 8px;&#8221; custom_css_overlay=&#8221;display:none&#8221; custom_css_overlay_icon=&#8221;display:none&#8221; custom_css_gallery_item_title=&#8221;text-align: center !important;&#8221; global_colors_info=&#8221;{}&#8221; db_image_max_width_tablet=&#8221;51&#8243; db_image_max_height_tablet=&#8221;501&#8243; db_image_row_spacing_tablet=&#8221;51&#8243;]<br \/>\n[\/et_pb_gallery][\/et_pb_column][\/et_pb_row][\/et_pb_section]<\/p>\n","protected":false},"excerpt":{"rendered":"<p>FOUNDATION EUROPEAN AFFAIRS ACTIVITIES COMUNICATION DOCUMENTATION &amp; PUBLICATIONS EUROPEAN DOCUMENTATION CENTRE ADMINISTRATION &amp; SECRETARY AUXILIARES<\/p>\n","protected":false},"author":1,"featured_media":0,"parent":2854,"menu_order":0,"comment_status":"open","ping_status":"closed","template":"","meta":{"_et_pb_use_builder":"on","_et_pb_old_content":"","_et_gb_content_width":"","_links_to":"","_links_to_target":""},"_links":{"self":[{"href":"https:\/\/www.fundacionyuste.org\/en\/wp-json\/wp\/v2\/pages\/3782"}],"collection":[{"href":"https:\/\/www.fundacionyuste.org\/en\/wp-json\/wp\/v2\/pages"}],"about":[{"href":"https:\/\/www.fundacionyuste.org\/en\/wp-json\/wp\/v2\/types\/page"}],"author":[{"embeddable":true,"href":"https:\/\/www.fundacionyuste.org\/en\/wp-json\/wp\/v2\/users\/1"}],"replies":[{"embeddable":true,"href":"https:\/\/www.fundacionyuste.org\/en\/wp-json\/wp\/v2\/comments?post=3782"}],"version-history":[{"count":10,"href":"https:\/\/www.fundacionyuste.org\/en\/wp-json\/wp\/v2\/pages\/3782\/revisions"}],"predecessor-version":[{"id":236130,"href":"https:\/\/www.fundacionyuste.org\/en\/wp-json\/wp\/v2\/pages\/3782\/revisions\/236130"}],"up":[{"embeddable":true,"href":"https:\/\/www.fundacionyuste.org\/en\/wp-json\/wp\/v2\/pages\/2854"}],"wp:attachment":[{"href":"https:\/\/www.fundacionyuste.org\/en\/wp-json\/wp\/v2\/media?parent=3782"}],"curies":[{"name":"wp","href":"https:\/\/api.w.org\/{rel}","templated":true}]}}