{"id":6671,"date":"2015-05-18T09:34:10","date_gmt":"2015-05-18T09:34:10","guid":{"rendered":"https:\/\/www.fundacionyuste.org\/yuste-camp\/como-llegar\/"},"modified":"2016-02-29T10:06:19","modified_gmt":"2016-02-29T10:06:19","slug":"como-llegar","status":"publish","type":"page","link":"https:\/\/www.fundacionyuste.org\/en\/yuste-camp\/como-llegar\/","title":{"rendered":"How to arrive"},"content":{"rendered":"<p>[et_pb_section][et_pb_row][et_pb_column type=&#8221;1_3&#8243;][et_pb_sidebar admin_label=&#8221;Sidebar&#8221; orientation=&#8221;left&#8221; area=&#8221;et_pb_widget_area_13&#8243; background_layout=&#8221;light&#8221; \/][\/et_pb_column][et_pb_column type=&#8221;2_3&#8243;][et_pb_text admin_label=&#8221;Text&#8221; background_layout=&#8221;light&#8221; text_orientation=&#8221;left&#8221;]<\/p>\n<h1>HOW TO ARRIVE<\/h1>\n<p>[\/et_pb_text][et_pb_image admin_label=&#8221;Image&#8221; src=&#8221;https:\/\/www.fundacionyuste.org\/wp-content\/uploads\/2015\/05\/cabecerocampus2016_en.jpg&#8221; alt=&#8221;Campus Yuste 2015&#8243; show_in_lightbox=&#8221;off&#8221; url_new_window=&#8221;off&#8221; animation=&#8221;left&#8221; \/][et_pb_text admin_label=&#8221;Text&#8221; background_layout=&#8221;light&#8221; text_orientation=&#8221;left&#8221;]<\/p>\n<p>&nbsp;<\/p>\n<p><img decoding=\"async\" loading=\"lazy\" class=\"aligncenter wp-image-3608\" src=\"https:\/\/www.fundacionyuste.org\/wp-content\/uploads\/2014\/09\/mapa_yuste_en1.jpg\" alt=\"mapa_yuste_en\" width=\"584\" height=\"251\" srcset=\"https:\/\/www.fundacionyuste.org\/wp-content\/uploads\/2014\/09\/mapa_yuste_en1.jpg 881w, https:\/\/www.fundacionyuste.org\/wp-content\/uploads\/2014\/09\/mapa_yuste_en1-300x129.jpg 300w, https:\/\/www.fundacionyuste.org\/wp-content\/uploads\/2014\/09\/mapa_yuste_en1-600x258.jpg 600w, https:\/\/www.fundacionyuste.org\/wp-content\/uploads\/2014\/09\/mapa_yuste_en1-133x57.jpg 133w\" sizes=\"(max-width: 584px) 100vw, 584px\" \/><\/p>\n<p>&nbsp;<\/p>\n<p>[\/et_pb_text][et_pb_map admin_label=&#8221;Map&#8221; zoom_level=&#8221;12&#8243; address=&#8221;Monasterio de San Jer\u00f3nimo de Yuste, 10430 Cuacos de Yuste, C\u00e1ceres, Espa\u00f1a&#8221; address_lat=&#8221;40.085996521185685&#8243; address_lng=&#8221;-5.723868660868898&#8243;][et_pb_map_pin title=&#8221;Monasterio de Yuste, Cuacos de Yuste, C\u00e1ceres, Espa\u00f1a&#8221; pin_address=&#8221;Monasterio de San Jer\u00f3nimo de Yuste, 10430 Cuacos de Yuste, C\u00e1ceres, Espa\u00f1a&#8221; pin_address_lat=&#8221;40.11362&#8243; pin_address_lng=&#8221;-5.738486700000067&#8243;]<\/p>\n<h1>Monasterio de San Jer\u00f3nimo de Yuste<\/h1>\n<h3>10430 Cuacos de Yuste<\/h3>\n<p><strong>C\u00e1ceres<\/strong><\/p>\n<p>Espa\u00f1a<\/p>\n<p>[\/et_pb_map_pin][\/et_pb_map][et_pb_text admin_label=&#8221;Text&#8221; background_layout=&#8221;light&#8221; text_orientation=&#8221;left&#8221;]<\/p>\n<h2><strong>By bus<br \/>\n<\/strong><\/h2>\n<h4><\/h4>\n<h4>From Madrid<\/h4>\n<p><strong>Grupo Samar (directo)<\/strong><\/p>\n<p>Madrid &#8211; Cuacos de Yuste<\/p>\n<p>Check timetables in: <a href=\"http:\/\/www.samar.es\" target=\"_blank\">www.samar.es<\/a><\/p>\n<p><strong>Avanza Grupo<br \/>\n<\/strong><\/p>\n<p>Madrid &#8211; Navalmoral de la Mata<\/p>\n<p>Check timetables in: <a href=\"http:\/\/www.avanzabus.com\/web\/horarios\/horarios-autobus-madrid-navalmoraldel.html\" target=\"_blank\">www.avanzabus.com<\/a><\/p>\n<p><strong>Mirat<\/strong><\/p>\n<p>Navalmoral de la Mata &#8211; Cuacos de Yuste<\/p>\n<p>Check timetables in: <a href=\"http:\/\/www.mirat-transportes.es\/mirat\/horarios.aspx\" target=\"_blank\">www.mirat-transportes.es<\/a><\/p>\n<p>&nbsp;<\/p>\n<h4>From C\u00e1ceres<\/h4>\n<p><strong>Mirat<\/strong><\/p>\n<p>C\u00e1ceres &#8211; Cuacos de Yuste<\/p>\n<p>Check timetables in: <a href=\"http:\/\/www.mirat-transportes.es\/mirat\/horarios.aspx\" target=\"_blank\">www.mirat-transportes.es<\/a><\/p>\n<p>&nbsp;<\/p>\n<p>&nbsp;<\/p>\n<p>[\/et_pb_text][\/et_pb_column][\/et_pb_row][\/et_pb_section]<\/p>\n","protected":false},"excerpt":{"rendered":"<p><div class=\"et_pb_section et_pb_section_0 et_section_regular\" >\n\t\t\t\t\n\t\t\t\t\n\t\t\t\t\n\t\t\t\t\n\t\t\t\t\n\t\t\t\t\n\t\t\t\t\n\t\t\t\t\n\t\t\t\t\n\t\t\t<\/div><div class=\"et_pb_row et_pb_row_0 et_pb_row_empty\">\n\t\t\t\t\n\t\t\t\t\n\t\t\t\t\n\t\t\t\t\n\t\t\t\t\n\t\t\t<\/div> HOW TO ARRIVE &nbsp; &nbsp; Monasterio de San Jer\u00f3nimo de Yuste 10430 Cuacos de Yuste C\u00e1ceres Espa\u00f1a By bus From Madrid Grupo Samar (directo) Madrid &#8211; Cuacos de Yuste Check timetables in: www.samar.es Avanza Grupo Madrid &#8211; Navalmoral de la Mata Check timetables in: www.avanzabus.com Mirat Navalmoral de la Mata &#8211; Cuacos de Yuste [&hellip;]<\/p>\n","protected":false},"author":1,"featured_media":0,"parent":2815,"menu_order":0,"comment_status":"open","ping_status":"open","template":"","meta":{"_et_pb_use_builder":"on","_et_pb_old_content":"","_et_gb_content_width":"","_links_to":"","_links_to_target":""},"_links":{"self":[{"href":"https:\/\/www.fundacionyuste.org\/en\/wp-json\/wp\/v2\/pages\/6671"}],"collection":[{"href":"https:\/\/www.fundacionyuste.org\/en\/wp-json\/wp\/v2\/pages"}],"about":[{"href":"https:\/\/www.fundacionyuste.org\/en\/wp-json\/wp\/v2\/types\/page"}],"author":[{"embeddable":true,"href":"https:\/\/www.fundacionyuste.org\/en\/wp-json\/wp\/v2\/users\/1"}],"replies":[{"embeddable":true,"href":"https:\/\/www.fundacionyuste.org\/en\/wp-json\/wp\/v2\/comments?post=6671"}],"version-history":[{"count":0,"href":"https:\/\/www.fundacionyuste.org\/en\/wp-json\/wp\/v2\/pages\/6671\/revisions"}],"up":[{"embeddable":true,"href":"https:\/\/www.fundacionyuste.org\/en\/wp-json\/wp\/v2\/pages\/2815"}],"wp:attachment":[{"href":"https:\/\/www.fundacionyuste.org\/en\/wp-json\/wp\/v2\/media?parent=6671"}],"curies":[{"name":"wp","href":"https:\/\/api.w.org\/{rel}","templated":true}]}}